{"id":138,"date":"2020-03-31T21:27:22","date_gmt":"2020-03-31T19:27:22","guid":{"rendered":"http:\/\/localhost:8893\/jm4\/?page_id=138"},"modified":"2020-04-16T13:50:36","modified_gmt":"2020-04-16T11:50:36","slug":"livre-dor","status":"publish","type":"page","link":"http:\/\/cestpourtoi.fr\/?page_id=138","title":{"rendered":"Livre d&rsquo;or"},"content":{"rendered":"<div id=\"pl-gb138-69f200b4f1af9\"  class=\"panel-layout\" ><div id=\"pg-gb138-69f200b4f1af9-0\"  class=\"panel-grid panel-has-style\" ><div style=\"padding-top: 100px; padding-bottom: 100px; \" data-mobile-padding=\"50px\" class=\"panel-row-style panel-row-style-for-gb138-69f200b4f1af9-0\" ><div id=\"pgc-gb138-69f200b4f1af9-0-0\"  class=\"panel-grid-cell\" ><div id=\"panel-gb138-69f200b4f1af9-0-0-0\" class=\"widget_text so-panel widget widget_custom_html panel-first-child panel-last-child\" data-index=\"0\" ><div style=\"text-align: left;\" data-title-color=\"#2d3142\" data-headings-color=\"#2d3142\" class=\"widget_text panel-widget-style panel-widget-style-for-gb138-69f200b4f1af9-0-0-0\" ><div class=\"textwidget custom-html-widget\"><div class=\"gwolle-gb\"><div class=\"gwolle_gb_messages_top_container\"><\/div>\n\t\t\t<div class=\"gwolle-gb-write-button\">\n\t\t\t\t<input type=\"button\" name=\"gwolle-gb-write-button\" class=\"button btn btn-default \" value=\"&raquo; \u00c9crire un nouveau message.\" \/>\n\t\t\t<\/div>\n\t\t\t<form action=\"#\" method=\"POST\" class=\"gwolle-gb-write gwolle-gb-hide gwolle-gb-float gwolle_gb_form_ajax gwolle-gb-form-ajax\">\n\t\t\t\t<h3>\u00c9crivez un nouveau message dans le livre d&#039;or<\/h3>\n\t\t\t\t<button type=\"button\" class=\"gb-notice-dismiss\">x<span class=\"screen-reader-text\">Masquer ce formulaire.<\/span><\/button>\n\t\t\t\n\t\t\t\t<input type=\"hidden\" name=\"gwolle_gb_function\" class=\"gwolle_gb_function\" value=\"add_entry\" \/><input type=\"hidden\" name=\"gwolle_gb_book_id\" class=\"gwolle_gb_book_id\" value=\"1\" \/><div class=\"gwolle_gb_a1457c37941dabc487529ab3d720f4ba\">\n\t\t\t\t<div class=\"label\"><label for=\"gwolle_gb_a1457c37941dabc487529ab3d720f4ba\" class=\"text-info\">Nom *<\/label><\/div>\n\t\t\t\t<div class=\"input\"><input class=\"wp-exclude-emoji gwolle_gb_a1457c37941dabc487529ab3d720f4ba\" value=\"\" type=\"text\" name=\"gwolle_gb_a1457c37941dabc487529ab3d720f4ba\" placeholder=\"Nom\" required \/><\/div>\n\t\t\t<\/div>\n\t\t\t<div class=\"clearBoth\">&nbsp;<\/div><div class=\"gwolle_gb_2c66d0da04beaa4405ce483de5fe6c1a\">\n\t\t\t\t\t<div class=\"label\"><label for=\"gwolle_gb_2c66d0da04beaa4405ce483de5fe6c1a\" class=\"text-info\">Ville<\/label><\/div>\n\t\t\t\t\t<div class=\"input\"><input class=\"wp-exclude-emoji gwolle_gb_2c66d0da04beaa4405ce483de5fe6c1a\" value=\"\" type=\"text\" name=\"gwolle_gb_2c66d0da04beaa4405ce483de5fe6c1a\" placeholder=\"Ville\" \/><\/div>\n\t\t\t\t<\/div>\n\t\t\t\t<div class=\"clearBoth\">&nbsp;<\/div><div class=\"gwolle_gb_6dfe0ccf1c45875da181fb57081b9982\">\n\t\t\t\t<div class=\"label\"><label for=\"gwolle_gb_6dfe0ccf1c45875da181fb57081b9982\" class=\"text-info\">E-mail *<\/label><\/div>\n\t\t\t\t<div class=\"input\"><input class=\"gwolle_gb_6dfe0ccf1c45875da181fb57081b9982\" value=\"\" type=\"email\" name=\"gwolle_gb_6dfe0ccf1c45875da181fb57081b9982\" placeholder=\"E-mail\"  required \/><\/div>\n\t\t\t<\/div>\n\t\t\t<div class=\"clearBoth\">&nbsp;<\/div><div class=\"gwolle_gb_d5413b25c5e68387d697a5ff27f6bd0f\">\n\t\t\t\t<div class=\"label\"><label for=\"gwolle_gb_d5413b25c5e68387d697a5ff27f6bd0f\" class=\"text-info\">Site web<\/label><\/div>\n\t\t\t\t<div class=\"input\"><input class=\"gwolle_gb_d5413b25c5e68387d697a5ff27f6bd0f\" value=\"\" type=\"url\" name=\"gwolle_gb_d5413b25c5e68387d697a5ff27f6bd0f\" placeholder=\"Site web\"  \/><\/div>\n\t\t\t<\/div>\n\t\t\t<div class=\"clearBoth\">&nbsp;<\/div>\n\t\t\t<div class=\"gwolle_gb_26c1837a0d0163736f0fbebb67cd0a7a\" style=\"display:none;\">\n\t\t\t\t<div class=\"label\">\n\t\t\t\t\t<label for=\"gwolle_gb_26c1837a0d0163736f0fbebb67cd0a7a\" class=\"text-primary\">Ne touchez pas \u00e0 ceci<\/label>\n\t\t\t\t\t<label for=\"gwolle_gb_ef9a2e98e5cefa6ca66c4792e870d44d\" class=\"text-primary\">Ne touchez pas \u00e0 ceci<\/label>\n\t\t\t\t<\/div>\n\t\t\t\t<div class=\"input\">\n\t\t\t\t\t<input value=\"29\" type=\"text\" name=\"gwolle_gb_26c1837a0d0163736f0fbebb67cd0a7a\" class=\"gwolle_gb_26c1837a0d0163736f0fbebb67cd0a7a\" placeholder=\"\" \/>\n\t\t\t\t\t<input value=\"\" type=\"text\" name=\"gwolle_gb_ef9a2e98e5cefa6ca66c4792e870d44d\" class=\"gwolle_gb_ef9a2e98e5cefa6ca66c4792e870d44d\" placeholder=\"\" \/>\n\t\t\t\t<\/div>\n\t\t\t<\/div>\n\t\t\t<div class=\"clearBoth\"><\/div>\n\t\t\t<div class=\"gwolle_gb_e4c6be3a4b76e8cb245f962e0e3f6c6f\" style=\"display:none;\">\n\t\t\t\t<div class=\"label\">\n\t\t\t\t\t<label for=\"gwolle_gb_e4c6be3a4b76e8cb245f962e0e3f6c6f\" class=\"text-primary\">Ne touchez pas \u00e0 ceci<\/label>\n\t\t\t\t\t<label for=\"gwolle_gb_c816730121c4c8356219b4fef03798ee\" class=\"text-primary\">Ne touchez pas \u00e0 ceci<\/label>\n\t\t\t\t<\/div>\n\t\t\t\t<div class=\"input\">\n\t\t\t\t\t<input value=\"12314\" type=\"text\" name=\"gwolle_gb_e4c6be3a4b76e8cb245f962e0e3f6c6f\" class=\"gwolle_gb_e4c6be3a4b76e8cb245f962e0e3f6c6f\" placeholder=\"\" \/>\n\t\t\t\t\t<input value=\"12314\" type=\"text\" name=\"gwolle_gb_c816730121c4c8356219b4fef03798ee\" class=\"gwolle_gb_c816730121c4c8356219b4fef03798ee\" placeholder=\"\" \/>\n\t\t\t\t<\/div>\n\t\t\t<\/div>\n\t\t\t<div class=\"clearBoth\"><\/div><div class=\"gwolle_gb_content\">\n\t\t\t\t<div class=\"label\"><label for=\"gwolle_gb_content\" class=\"text-info\">Message du livre d&#039;or *<\/label><\/div>\n\t\t\t\t<div class=\"input\"><textarea name=\"gwolle_gb_content\" class=\"gwolle_gb_content wp-exclude-emoji\" placeholder=\"Message du livre d&#039;or\"  required ><\/textarea><\/div>\n\t\t\t\t<\/div>\n\t\t\t<div class=\"clearBoth\">&nbsp;<\/div><input type=\"hidden\" class=\"gwolle_gb_773228859ebc67a09c9cc232478113db\" name=\"gwolle_gb_773228859ebc67a09c9cc232478113db\" value=\"11438fb372\" \/>\n\t\t\t<div class=\"gwolle_gb_messages_bottom_container\"><\/div>\n\n\t\t\t<noscript><div class=\"no-js\">Avertissement\u00a0: Ce formulaire ne peut \u00eatre utilis\u00e9 que si JavaScript est activ\u00e9 dans votre navigateur.<\/div><\/noscript>\n\n\t\t\t<div class=\"gwolle_gb_submit\">\n\t\t\t\t<div class=\"label gwolle-gb-invisible text-muted\">&nbsp;<\/div>\n\t\t\t\t<div class=\"input\">\n\t\t\t\t\t<input type=\"submit\" name=\"gwolle_gb_submit\" class=\"gwolle_gb_submit button btn btn-primary \" value=\"Envoyer\" \/>\n\t\t\t\t\t<span class=\"gwolle_gb_submit_ajax_icon\"><\/span>\n\t\t\t\n\t\t\t\t<\/div>\n\t\t\t<\/div>\n\t\t\t<div class=\"clearBoth\">&nbsp;<\/div>\n\n\t\t\t<div class=\"gwolle_gb_notice\">\n\t\t\t\t<br \/>\nLes champs marqu\u00e9s avec un * sont obligatoires.<br \/>\nVotre adresse e-mail ne sera pas publi\u00e9e.<br \/>\nIl se pourrait que votre message n\u2019apparaisse dans le livre d\u2019or qu\u2019apr\u00e8s que nous l\u2019ayons v\u00e9rifi\u00e9.<br \/>\nNous nous r\u00e9servons le droit de modifier, de supprimer, ou de ne pas publier les messages.<br \/>\n\n\t\t\t<\/div><\/form><div class=\"gwolle-gb-read \" data-book_id=\"1\"><div id=\"gwolle-gb-total\">1 message.<\/div><!-- Gwolle-GB Entry: Default Template Loaded -->\n\t\t\t\t<div class=\"gb-entry gb-entry_1 gb-entry-count_1 gwolle_gb_uneven gwolle-gb-uneven gwolle_gb_first gwolle-gb-first\">\n\t\t\t\t<article>\n\t\t\t\t\t<div class=\"gb-author-info\">\n\t\t\t\t\t\t<span class=\"gb-author-avatar\"><img referrerpolicy=\"no-referrer\" alt='admin' src='http:\/\/2.gravatar.com\/avatar\/2e751f7328260b75589d2e1ef7c16388?s=32&#038;d=mm&#038;r=g' srcset='http:\/\/2.gravatar.com\/avatar\/2e751f7328260b75589d2e1ef7c16388?s=64&#038;d=mm&#038;r=g 2x' class='avatar avatar-32 photo' height='32' width='32' loading='lazy'\/><\/span>\n\t\t\t\t\t\t<span class=\"gb-author-name\"><i class=\"gb-moderator\">admin<\/i>\n\t\t\t\t\t\t<\/span>\n\t\t\t\t\t\t<span class=\"gb-author-origin\"> de sorgues<\/span>\n\t\t\t\t\t\t<span class=\"gb-datetime\">\n\t\t\t\t\t\t\t<span class=\"gb-date\"> a \u00e9crit le 16 avril 2020<\/span><span class=\"gb-time\"> \u00e0 13 h 51 min<\/span>:\n\t\t\t\t\t\t<\/span> \n\t\t\t\t\t<\/div>\n\t\t\t\t\t<div class=\"gb-entry-content\">test du livre d&#039;or, ouvert au public\n\t\t\t\t\t<\/div>\n\t\t\t\t<\/article>\n\t\t\t<\/div>\n\t\t\t<\/div><\/div><\/div><\/div><\/div><\/div><\/div><\/div><\/div>","protected":false},"excerpt":{"rendered":"","protected":false},"author":1,"featured_media":0,"parent":0,"menu_order":0,"comment_status":"closed","ping_status":"closed","template":"","meta":{"ngg_post_thumbnail":0,"_et_pb_use_builder":"","_et_pb_old_content":"","_et_gb_content_width":""},"_links":{"self":[{"href":"http:\/\/cestpourtoi.fr\/index.php?rest_route=\/wp\/v2\/pages\/138"}],"collection":[{"href":"http:\/\/cestpourtoi.fr\/index.php?rest_route=\/wp\/v2\/pages"}],"about":[{"href":"http:\/\/cestpourtoi.fr\/index.php?rest_route=\/wp\/v2\/types\/page"}],"author":[{"embeddable":true,"href":"http:\/\/cestpourtoi.fr\/index.php?rest_route=\/wp\/v2\/users\/1"}],"replies":[{"embeddable":true,"href":"http:\/\/cestpourtoi.fr\/index.php?rest_route=%2Fwp%2Fv2%2Fcomments&post=138"}],"version-history":[{"count":5,"href":"http:\/\/cestpourtoi.fr\/index.php?rest_route=\/wp\/v2\/pages\/138\/revisions"}],"predecessor-version":[{"id":168,"href":"http:\/\/cestpourtoi.fr\/index.php?rest_route=\/wp\/v2\/pages\/138\/revisions\/168"}],"wp:attachment":[{"href":"http:\/\/cestpourtoi.fr\/index.php?rest_route=%2Fwp%2Fv2%2Fmedia&parent=138"}],"curies":[{"name":"wp","href":"https:\/\/api.w.org\/{rel}","templated":true}]}}